{"id":100,"date":"2017-05-11T19:07:17","date_gmt":"2017-05-12T01:07:17","guid":{"rendered":"http:\/\/circulodepoesia.com\/encuentrodepoesia\/?page_id=100"},"modified":"2017-06-22T23:36:56","modified_gmt":"2017-06-23T05:36:56","slug":"eip-2006","status":"publish","type":"page","link":"https:\/\/circulodepoesia.com\/encuentrodepoesia\/es\/eip-2006\/","title":{"rendered":"EIP-2006"},"content":{"rendered":"<p>[et_pb_section bb_built=&#8221;1&#8243; admin_label=&#8221;Section&#8221; custom_padding=&#8221;54px|0px|150px|0px&#8221;][et_pb_row admin_label=&#8221;Row&#8221; custom_padding=&#8221;88px|0px|45px|0px&#8221;][et_pb_column type=&#8221;4_4&#8243;][et_pb_image admin_label=&#8221;Image&#8221; src=&#8221;http:\/\/circulodepoesia.com\/encuentrodepoesia\/wp-content\/uploads\/2017\/05\/imagen_portada.jpg&#8221; \/][\/et_pb_column][\/et_pb_row][\/et_pb_section][et_pb_section bb_built=&#8221;1&#8243; admin_label=&#8221;Section&#8221; background_color=&#8221;#df1346&#8243; parallax=&#8221;on&#8221; custom_padding=&#8221;80px|0px|94px|0px&#8221;][et_pb_row admin_label=&#8221;Row&#8221; custom_padding=&#8221;27px|0px|27px|0px&#8221;][et_pb_column type=&#8221;1_4&#8243;][\/et_pb_column][et_pb_column type=&#8221;1_2&#8243;][et_pb_text admin_label=&#8221;Text&#8221;]<\/p>\n<h1 style=\"text-align: center;\"><span style=\"font-size: x-large; color: #ffffff;\"><strong>ENCUENTRO IBEROAMERICANO DE POES\u00cdA<\/strong><\/span><\/h1>\n<h2 style=\"text-align: center;\"><span style=\"font-size: x-large; color: #ffffff;\">CIUDAD DE M\u00c9XICO, 2006<\/span><\/h2>\n<p>[\/et_pb_text][et_pb_text admin_label=&#8221;Text&#8221; background_layout=&#8221;light&#8221; text_orientation=&#8221;left&#8221; use_border_color=&#8221;off&#8221; border_color=&#8221;#ffffff&#8221; border_style=&#8221;solid&#8221;]<\/p>\n<p style=\"text-align: justify;\"><span style=\"font-size: large; color: #ffffff;\"><span style=\"color: #f785c2;\"><strong><a style=\"color: #f785c2;\" href=\"http:\/\/circulodepoesia.com\/2015\/11\/poesiacdmx\/\">El Encuentro Iberoamericano de Poes\u00eda Ciudad de M\u00e9xico 20O6 cont\u00f3 con la participaci\u00f3n de treinta poetas de Latinoam\u00e9rica y Espa\u00f1a. Este festival no s\u00f3lo reuni\u00f3 a los maestros de una \u00e9poca sino a todas las orientaciones est\u00e9ticas de la lengua espa\u00f1ola.<\/span><\/p>\n<p>[\/et_pb_text][\/et_pb_column][et_pb_column type=&#8221;1_4&#8243;][\/et_pb_column][\/et_pb_row][\/et_pb_section][et_pb_section bb_built=&#8221;1&#8243; admin_label=&#8221;Section&#8221;][et_pb_row admin_label=&#8221;Row&#8221;][et_pb_column type=&#8221;4_4&#8243;][et_pb_text admin_label=&#8221;Text&#8221;]<\/p>\n<h1 style=\"text-align: center;\"><strong>PARTICIPANTES<\/strong><\/h1>\n<p>[\/et_pb_text][\/et_pb_column][\/et_pb_row][et_pb_row admin_label=&#8221;Row&#8221;][et_pb_column type=&#8221;1_4&#8243;][et_pb_image admin_label=&#8221;Ali Chumacero&#8221; src=&#8221;http:\/\/circulodepoesia.com\/encuentrodepoesia\/wp-content\/uploads\/2017\/05\/01_alichumacero.jpg&#8221; url=&#8221;http:\/\/circulodepoesia.com\/2010\/12\/poetas-mayores-de-iberoamerica-ali-chumacero\/&#8221; \/][et_pb_text admin_label=&#8221;Text&#8221; header_text_color=&#8221;#000000&#8243; saved_tabs=&#8221;all&#8221;]<\/p>\n<h2><strong><span style=\"color: #000000;\">Ali Chumacero<\/span><\/strong><\/h2>\n<p><span style=\"color: #000000;\">M\u00e9xico<\/span><\/p>\n<p>[\/et_pb_text][\/et_pb_column][et_pb_column type=&#8221;1_4&#8243;][et_pb_image admin_label=&#8221;Thelma Nava&#8221; src=&#8221;http:\/\/circulodepoesia.com\/encuentrodepoesia\/wp-content\/uploads\/2017\/05\/02-thelma-nava.jpg&#8221; url=&#8221;http:\/\/circulodepoesia.com\/2012\/04\/poetas-mayores-de-iberoamerica-thelma-nava\/&#8221; \/][et_pb_text admin_label=&#8221;Text&#8221; header_text_color=&#8221;#000000&#8243; saved_tabs=&#8221;all&#8221;]<\/p>\n<h2><strong><span style=\"color: #000000;\">Thelma Nava<\/span><\/strong><\/h2>\n<p><span style=\"color: #000000;\">M\u00e9xico<\/span><\/p>\n<p>[\/et_pb_text][\/et_pb_column][et_pb_column type=&#8221;1_4&#8243;][et_pb_image admin_label=&#8221;Francisco Hern\u00e1ndez&#8221; src=&#8221;http:\/\/circulodepoesia.com\/encuentrodepoesia\/wp-content\/uploads\/2017\/05\/03-francisco-hernandez.jpg&#8221; url=&#8221;http:\/\/circulodepoesia.com\/2013\/07\/circulo-de-poesia-tv-coplas-de-mardonio-sinta-en-voz-de-francisco-hernandez\/&#8221; \/][et_pb_text admin_label=&#8221;Text&#8221; header_text_color=&#8221;#000000&#8243; saved_tabs=&#8221;all&#8221;]<\/p>\n<h2><strong><span style=\"color: #000000;\">Thelma Nava<\/span><\/strong><\/h2>\n<p><span style=\"color: #000000;\">M\u00e9xico<\/span><\/p>\n<p>[\/et_pb_text][\/et_pb_column][et_pb_column type=&#8221;1_4&#8243;][et_pb_image admin_label=&#8221; Jos\u00e9 Vicente Anaya&#8221; src=&#8221;http:\/\/circulodepoesia.com\/encuentrodepoesia\/wp-content\/uploads\/2017\/05\/04-jose-vicente-anaya.jpg&#8221; url=&#8221;http:\/\/circulodepoesia.com\/2015\/01\/poesia-mexicana-jose-vicente-anaya\/&#8221; \/][et_pb_text admin_label=&#8221;Text&#8221; header_text_color=&#8221;#000000&#8243; saved_tabs=&#8221;all&#8221;]<\/p>\n<h2><strong><span style=\"color: #000000;\"> Jos\u00e9 Vicente Anaya<\/span><\/strong><\/h2>\n<p><span style=\"color: #000000;\">M\u00e9xico<\/span><\/p>\n<p>[\/et_pb_text][\/et_pb_column][\/et_pb_row][et_pb_row admin_label=&#8221;Row&#8221;][et_pb_column type=&#8221;1_4&#8243;][et_pb_image admin_label=&#8221;David Huerta&#8221; src=&#8221;http:\/\/circulodepoesia.com\/encuentrodepoesia\/wp-content\/uploads\/2017\/05\/05-david-huerta.jpg&#8221; url=&#8221;http:\/\/circulodepoesia.com\/2008\/08\/foja-de-poesia-no-006-encuentro-iberoamericano-de-poesia-iv\/&#8221; \/][et_pb_text admin_label=&#8221;Text&#8221; header_text_color=&#8221;#000000&#8243; saved_tabs=&#8221;all&#8221;]<\/p>\n<h2><strong><span style=\"color: #000000;\">David Huerta<\/span><\/strong><\/h2>\n<p><span style=\"color: #000000;\">M\u00e9xico<\/span><\/p>\n<p>[\/et_pb_text][\/et_pb_column][et_pb_column type=&#8221;1_4&#8243;][et_pb_image admin_label=&#8221;Eduardo Langagne &#8221; src=&#8221;http:\/\/circulodepoesia.com\/encuentrodepoesia\/wp-content\/uploads\/2017\/05\/08-eduardo-langagne.jpg&#8221; url=&#8221;http:\/\/circulodepoesia.com\/2010\/12\/poetas-mayores-de-iberoamerica-eduardo-langagne\/&#8221; \/][et_pb_text admin_label=&#8221;Text&#8221; header_text_color=&#8221;#000000&#8243; saved_tabs=&#8221;all&#8221;]<\/p>\n<h2><strong><span style=\"color: #000000;\">Eduardo Langagne<\/span><\/strong><\/h2>\n<p><span style=\"color: #000000;\">M\u00e9xico<\/span><\/p>\n<p>[\/et_pb_text][\/et_pb_column][et_pb_column type=&#8221;1_4&#8243;][et_pb_image admin_label=&#8221; H\u00e9ctor Carreto&#8221; src=&#8221;http:\/\/circulodepoesia.com\/encuentrodepoesia\/wp-content\/uploads\/2017\/05\/09-hector-carreto.jpg&#8221; url=&#8221;http:\/\/circulodepoesia.com\/2011\/10\/testamento-de-clark-kent-hector-carreto\/&#8221; \/][et_pb_text admin_label=&#8221;Text&#8221; header_text_color=&#8221;#000000&#8243; saved_tabs=&#8221;all&#8221;]<\/p>\n<h2><strong><span style=\"color: #000000;\">H\u00e9ctor Carreto<\/span><\/strong><\/h2>\n<p><span style=\"color: #000000;\">M\u00e9xico<\/span><\/p>\n<p>[\/et_pb_text][\/et_pb_column][et_pb_column type=&#8221;1_4&#8243;][et_pb_image admin_label=&#8221;Ricardo Castillo&#8221; src=&#8221;http:\/\/circulodepoesia.com\/encuentrodepoesia\/wp-content\/uploads\/2017\/05\/10-ricardo-castillo.jpg&#8221; url=&#8221;http:\/\/circulodepoesia.com\/2011\/03\/poetas-mayores-de-iberoamerica-ricardo-castillo\/&#8221; \/][et_pb_text admin_label=&#8221;Text&#8221; header_text_color=&#8221;#000000&#8243; saved_tabs=&#8221;all&#8221;]<\/p>\n<h2><strong><span style=\"color: #000000;\">Ricardo Castillo<\/span><\/strong><\/h2>\n<p><span style=\"color: #000000;\">M\u00e9xico<\/span><\/p>\n<p>[\/et_pb_text][\/et_pb_column][\/et_pb_row][et_pb_row admin_label=&#8221;Row&#8221;][et_pb_column type=&#8221;1_4&#8243;][et_pb_image admin_label=&#8221;Dana Gelinas&#8221; src=&#8221;http:\/\/circulodepoesia.com\/encuentrodepoesia\/wp-content\/uploads\/2017\/05\/11-dana-gelinas.jpg&#8221; url=&#8221;http:\/\/circulodepoesia.com\/2008\/09\/foja-de-poesia-no-007-encuentro-iberoamericano-de-poesia-v\/&#8221; \/][et_pb_text admin_label=&#8221;Text&#8221; header_text_color=&#8221;#000000&#8243; saved_tabs=&#8221;all&#8221;]<\/p>\n<h2><strong><span style=\"color: #000000;\">Dana Gelinas<\/span><\/strong><\/h2>\n<p><span style=\"color: #000000;\">M\u00e9xico<\/span><\/p>\n<p>[\/et_pb_text][\/et_pb_column][et_pb_column type=&#8221;1_4&#8243;][et_pb_image admin_label=&#8221;Santos L\u00f3pez&#8221; src=&#8221;http:\/\/circulodepoesia.com\/encuentrodepoesia\/wp-content\/uploads\/2017\/05\/12-santos-lopez.jpg&#8221; url=&#8221;http:\/\/circulodepoesia.com\/2009\/08\/reescritura-del-bosque-profundo-santos-lopez\/&#8221; \/][et_pb_text admin_label=&#8221;Text&#8221; header_text_color=&#8221;#000000&#8243; saved_tabs=&#8221;all&#8221;]<\/p>\n<h2><strong><span style=\"color: #000000;\">Santos L\u00f3pez<\/span><\/strong><\/h2>\n<p><span style=\"color: #000000;\">Venezuela<\/span><\/p>\n<p>[\/et_pb_text][\/et_pb_column][et_pb_column type=&#8221;1_4&#8243;][et_pb_image admin_label=&#8221;Carmen Verde Arocha&#8221; src=&#8221;http:\/\/circulodepoesia.com\/encuentrodepoesia\/wp-content\/uploads\/2017\/05\/13-carmen-verde.jpg&#8221; url=&#8221;http:\/\/circulodepoesia.com\/2008\/08\/foja-de-poesia-no-004-encuentro-iberoamericano-de-poesia-ii\/&#8221; \/][et_pb_text admin_label=&#8221;Text&#8221; header_text_color=&#8221;#000000&#8243; saved_tabs=&#8221;all&#8221;]<\/p>\n<h2><strong><span style=\"color: #000000;\">Carmen Verde Arocha<\/span><\/strong><\/h2>\n<p><span style=\"color: #000000;\">Venezuela<\/span><\/p>\n<p>[\/et_pb_text][\/et_pb_column][et_pb_column type=&#8221;1_4&#8243;][et_pb_image admin_label=&#8221;L\u00eado Ivo&#8221; src=&#8221;http:\/\/circulodepoesia.com\/encuentrodepoesia\/wp-content\/uploads\/2017\/05\/14_ledo-ivo.jpg&#8221; url=&#8221;http:\/\/circulodepoesia.com\/2012\/12\/poetas-mayores-de-iberoamerica-ledo-ivo\/&#8221; \/][et_pb_text admin_label=&#8221;Text&#8221; header_text_color=&#8221;#000000&#8243; saved_tabs=&#8221;all&#8221;]<\/p>\n<h2><strong><span style=\"color: #000000;\">L\u00eado Ivo<\/span><\/strong><\/h2>\n<p><span style=\"color: #000000;\">Brasil<\/span><\/p>\n<p>[\/et_pb_text][\/et_pb_column][\/et_pb_row][et_pb_row admin_label=&#8221;Row&#8221;][et_pb_column type=&#8221;1_4&#8243;][et_pb_image admin_label=&#8221;Juan Gelman&#8221; src=&#8221;http:\/\/circulodepoesia.com\/encuentrodepoesia\/wp-content\/uploads\/2017\/05\/15-juan-gelman.jpg&#8221; url=&#8221;http:\/\/circulodepoesia.com\/2011\/02\/poetas-mayores-de-iberoamerica-juan-gelman\/&#8221; \/][et_pb_text admin_label=&#8221;Text&#8221; header_text_color=&#8221;#000000&#8243; saved_tabs=&#8221;all&#8221;]<\/p>\n<h2><strong><span style=\"color: #000000;\">Juan Gelman<\/span><\/strong><\/h2>\n<p><span style=\"color: #000000;\">Argentina<\/span><\/p>\n<p>[\/et_pb_text][\/et_pb_column][et_pb_column type=&#8221;1_4&#8243;][et_pb_image admin_label=&#8221;Ernesto Cardenal&#8221; src=&#8221;http:\/\/circulodepoesia.com\/encuentrodepoesia\/wp-content\/uploads\/2017\/05\/16-ernesto-cardenal.jpg&#8221; url=&#8221;http:\/\/circulodepoesia.com\/2013\/01\/nueva-seccion-poetas-mayores-de-iberoamerica\/&#8221; \/][et_pb_text admin_label=&#8221;Text&#8221; header_text_color=&#8221;#000000&#8243; saved_tabs=&#8221;all&#8221;]<\/p>\n<h2><strong><span style=\"color: #000000;\">Ernesto Cardenal<\/span><\/strong><\/h2>\n<p><span style=\"color: #000000;\">Nicaragua<\/span><\/p>\n<p>[\/et_pb_text][\/et_pb_column][et_pb_column type=&#8221;1_4&#8243;][et_pb_image admin_label=&#8221;Pablo Armando Fern\u00e1ndez&#8221; src=&#8221;http:\/\/circulodepoesia.com\/encuentrodepoesia\/wp-content\/uploads\/2017\/05\/17-pablo-armando-fernandez.jpg&#8221; url=&#8221;http:\/\/circulodepoesia.com\/2009\/04\/poetas-mayores-de-iberoamerica-suite-para-maruja-pablo-armando-fernandez\/&#8221; \/][et_pb_text admin_label=&#8221;Text&#8221; header_text_color=&#8221;#000000&#8243; saved_tabs=&#8221;all&#8221;]<\/p>\n<h2><strong><span style=\"color: #000000;\">Pablo Armando Fern\u00e1ndez<\/span><\/strong><\/h2>\n<p><span style=\"color: #000000;\">Cuba<\/span><\/p>\n<p>[\/et_pb_text][\/et_pb_column][et_pb_column type=&#8221;1_4&#8243;][et_pb_image admin_label=&#8221;Waldo Leyva&#8221; src=&#8221;http:\/\/circulodepoesia.com\/encuentrodepoesia\/wp-content\/uploads\/2017\/05\/18-waldo-leyva.jpg&#8221; url=&#8221;http:\/\/circulodepoesia.com\/2010\/08\/definitivamente-jueves-de-waldo-leyva\/&#8221; \/][et_pb_text admin_label=&#8221;Text&#8221; header_text_color=&#8221;#000000&#8243; saved_tabs=&#8221;all&#8221;]<\/p>\n<h2><strong><span style=\"color: #000000;\">Waldo Leyva<\/span><\/strong><\/h2>\n<p><span style=\"color: #000000;\">Cuba<\/span><\/p>\n<p>[\/et_pb_text][\/et_pb_column][\/et_pb_row][et_pb_row admin_label=&#8221;Row&#8221;][et_pb_column type=&#8221;1_4&#8243;][et_pb_image admin_label=&#8221;Omar Lara&#8221; src=&#8221;http:\/\/circulodepoesia.com\/encuentrodepoesia\/wp-content\/uploads\/2017\/05\/19-omar-lara.jpg&#8221; url=&#8221;http:\/\/circulodepoesia.com\/2012\/02\/encuentro-en-portocaliu-omar-lara\/&#8221; \/][et_pb_text admin_label=&#8221;Text&#8221; header_text_color=&#8221;#000000&#8243; saved_tabs=&#8221;all&#8221;]<\/p>\n<h2><strong><span style=\"color: #000000;\">Omar Lara<\/span><\/strong><\/h2>\n<p><span style=\"color: #000000;\">Chile<\/span><\/p>\n<p>[\/et_pb_text][\/et_pb_column][et_pb_column type=&#8221;1_4&#8243;][et_pb_image admin_label=&#8221;Ra\u00fal Zurita&#8221; src=&#8221;http:\/\/circulodepoesia.com\/encuentrodepoesia\/wp-content\/uploads\/2017\/05\/20-raul-zurita.jpg&#8221; url=&#8221;http:\/\/circulodepoesia.com\/2011\/11\/poema-de-amor-raul-zurita\/&#8221; \/][et_pb_text admin_label=&#8221;Text&#8221; header_text_color=&#8221;#000000&#8243; saved_tabs=&#8221;all&#8221;]<\/p>\n<h2><strong><span style=\"color: #000000;\">Ra\u00fal Zurita<\/span><\/strong><\/h2>\n<p><span style=\"color: #000000;\">Chile<\/span><\/p>\n<p>[\/et_pb_text][\/et_pb_column][et_pb_column type=&#8221;1_4&#8243;][et_pb_image admin_label=&#8221;Eduardo Mitre&#8221; src=&#8221;http:\/\/circulodepoesia.com\/encuentrodepoesia\/wp-content\/uploads\/2017\/05\/21-eduardo-mitre.jpg&#8221; url=&#8221;http:\/\/circulodepoesia.com\/2011\/07\/arenas-movedizas-poesia-iberoamericana-y-principio-de-siglo-eduardo-mitre\/&#8221; \/][et_pb_text admin_label=&#8221;Text&#8221; header_text_color=&#8221;#000000&#8243; saved_tabs=&#8221;all&#8221;]<\/p>\n<h2><strong><span style=\"color: #000000;\">Eduardo Mitre<\/span><\/strong><\/h2>\n<p><span style=\"color: #000000;\">Bolivia<\/span><\/p>\n<p>[\/et_pb_text][\/et_pb_column][et_pb_column type=&#8221;1_4&#8243;][et_pb_image admin_label=&#8221; Jos\u00e9 M\u00e1rmol&#8221; src=&#8221;http:\/\/circulodepoesia.com\/encuentrodepoesia\/wp-content\/uploads\/2017\/05\/22_jose-marmol.jpg&#8221; url=&#8221;http:\/\/circulodepoesia.com\/2009\/08\/foja-de-poesia-no-058-jose-marmol\/&#8221; \/][et_pb_text admin_label=&#8221;Text&#8221; header_text_color=&#8221;#000000&#8243; saved_tabs=&#8221;all&#8221;]<\/p>\n<h2><strong><span style=\"color: #000000;\"> Jos\u00e9 M\u00e1rmol<\/span><\/strong><\/h2>\n<p><span style=\"color: #000000;\">Rep\u00fablica Dominicana<\/span><\/p>\n<p>[\/et_pb_text][\/et_pb_column][\/et_pb_row][et_pb_row admin_label=&#8221;Row&#8221;][et_pb_column type=&#8221;1_4&#8243;][et_pb_image admin_label=&#8221;Rodolfo Hinostroza&#8221; src=&#8221;http:\/\/circulodepoesia.com\/encuentrodepoesia\/wp-content\/uploads\/2017\/05\/22-rodolfo-hinostroza.jpg&#8221; url=&#8221;http:\/\/circulodepoesia.com\/2012\/10\/arenas-movedizas-poesia-iberoamericana-y-principio-de-siglo-rodolfo-hinostroza\/&#8221; \/][et_pb_text admin_label=&#8221;Text&#8221; header_text_color=&#8221;#000000&#8243; saved_tabs=&#8221;all&#8221;]<\/p>\n<h2><strong><span style=\"color: #000000;\">Rodolfo Hinostroza<\/span><\/strong><\/h2>\n<p><span style=\"color: #000000;\">Per\u00fa<\/span><\/p>\n<p>[\/et_pb_text][\/et_pb_column][et_pb_column type=&#8221;1_4&#8243;][et_pb_image admin_label=&#8221;Hildebrando P\u00e9rez Grande&#8221; src=&#8221;http:\/\/circulodepoesia.com\/encuentrodepoesia\/wp-content\/uploads\/2017\/05\/23-hildebrando-perez-grande.jpg&#8221; url=&#8221;http:\/\/circulodepoesia.com\/2011\/09\/homenaje-a-hildebrando-perez-grande-en-peru\/&#8221; \/][et_pb_text admin_label=&#8221;Text&#8221; header_text_color=&#8221;#000000&#8243; saved_tabs=&#8221;all&#8221;]<\/p>\n<h2><strong><span style=\"color: #000000;\">Hildebrando P\u00e9rez Grande<\/span><\/strong><\/h2>\n<p><span style=\"color: #000000;\">Per\u00fa<\/span><\/p>\n<p>[\/et_pb_text][\/et_pb_column][et_pb_column type=&#8221;1_4&#8243;][et_pb_image admin_label=&#8221;Roberto Sosa&#8221; src=&#8221;http:\/\/circulodepoesia.com\/encuentrodepoesia\/wp-content\/uploads\/2017\/05\/24-roberto-sosa.jpg&#8221; url=&#8221;http:\/\/circulodepoesia.com\/2010\/05\/foja-de-poesia-no-192-roberto-sosa\/&#8221; \/][et_pb_text admin_label=&#8221;Text&#8221; header_text_color=&#8221;#000000&#8243; saved_tabs=&#8221;all&#8221;]<\/p>\n<h2><strong><span style=\"color: #000000;\">Roberto Sosa<\/span><\/strong><\/h2>\n<p><span style=\"color: #000000;\">Honduras<\/span><\/p>\n<p>[\/et_pb_text][\/et_pb_column][et_pb_column type=&#8221;1_4&#8243;][et_pb_image admin_label=&#8221;Arturo Corcuera &#8221; src=&#8221;http:\/\/circulodepoesia.com\/encuentrodepoesia\/wp-content\/uploads\/2017\/05\/25-arturo-corcuera.jpg&#8221; url=&#8221;http:\/\/circulodepoesia.com\/2011\/11\/poetas-mayores-de-iberoamerica-arturo-corcuera\/&#8221; \/][et_pb_text admin_label=&#8221;Text&#8221; header_text_color=&#8221;#000000&#8243; saved_tabs=&#8221;all&#8221;]<\/p>\n<h2><strong><span style=\"color: #000000;\">Arturo Corcuera <\/span><\/strong><\/h2>\n<p><span style=\"color: #000000;\">Per\u00fa<\/span><\/p>\n<p>[\/et_pb_text][\/et_pb_column][\/et_pb_row][et_pb_row admin_label=&#8221;Row&#8221;][et_pb_column type=&#8221;1_4&#8243;][et_pb_image admin_label=&#8221;Antoni Mar\u00ed &#8221; src=&#8221;http:\/\/circulodepoesia.com\/encuentrodepoesia\/wp-content\/uploads\/2017\/05\/26-antoni-mari.jpg&#8221; url=&#8221;http:\/\/circulodepoesia.com\/2011\/01\/arenas-movedizas-poesia-iberoamericana-y-principio-de-siglo-antoni-mari\/&#8221; \/][et_pb_text admin_label=&#8221;Text&#8221; header_text_color=&#8221;#000000&#8243; saved_tabs=&#8221;all&#8221;]<\/p>\n<h2><strong><span style=\"color: #000000;\">Antoni Mar\u00ed <\/span><\/strong><\/h2>\n<p><span style=\"color: #000000;\">Espa\u00f1a<\/span><\/p>\n<p>[\/et_pb_text][\/et_pb_column][et_pb_column type=&#8221;1_4&#8243;][et_pb_image admin_label=&#8221; Jos\u00e9 Kozer &#8221; src=&#8221;http:\/\/circulodepoesia.com\/encuentrodepoesia\/wp-content\/uploads\/2017\/05\/27-jose-kozer.jpg&#8221; url=&#8221;http:\/\/circulodepoesia.com\/2012\/07\/poetas-mayores-de-iberoamerica-jose-kozer\/&#8221; \/][et_pb_text admin_label=&#8221;Text&#8221; header_text_color=&#8221;#000000&#8243; saved_tabs=&#8221;all&#8221;]<\/p>\n<h2><strong><span style=\"color: #000000;\"> Jos\u00e9 Kozer <\/span><\/strong><\/h2>\n<p><span style=\"color: #000000;\">Cuba<\/span><\/p>\n<p>[\/et_pb_text][\/et_pb_column][et_pb_column type=&#8221;1_4&#8243;][et_pb_image admin_label=&#8221;\u00c1lvaro Salvador &#8221; src=&#8221;http:\/\/circulodepoesia.com\/encuentrodepoesia\/wp-content\/uploads\/2017\/05\/28-alvaro-salvador.jpg&#8221; url=&#8221;http:\/\/circulodepoesia.com\/wp-content\/uploads\/2009\/07\/019-alvaro-salvador.pdf&#8221; \/][et_pb_text admin_label=&#8221;Text&#8221; header_text_color=&#8221;#000000&#8243; saved_tabs=&#8221;all&#8221;]<\/p>\n<h2><strong><span style=\"color: #000000;\">\u00c1lvaro Salvador <\/span><\/strong><\/h2>\n<p><span style=\"color: #000000;\">Espa\u00f1a<\/span><\/p>\n<p>[\/et_pb_text][\/et_pb_column][et_pb_column type=&#8221;1_4&#8243;][et_pb_image admin_label=&#8221;Rei Berroa&#8221; src=&#8221;http:\/\/circulodepoesia.com\/encuentrodepoesia\/wp-content\/uploads\/2017\/05\/29-rei-berroa.jpg&#8221; url=&#8221;http:\/\/circulodepoesia.com\/2009\/08\/con-respecto-a-cierta-actividad-de-las-palomas-rei-berroa\/&#8221; \/][et_pb_text admin_label=&#8221;Text&#8221; header_text_color=&#8221;#000000&#8243; saved_tabs=&#8221;all&#8221;]<\/p>\n<h2><strong><span style=\"color: #000000;\">Rei Berroa<\/span><\/strong><\/h2>\n<p><span style=\"color: #000000;\">Rep\u00fablica Dominicana<\/span><\/p>\n<p>[\/et_pb_text][\/et_pb_column][\/et_pb_row][et_pb_row admin_label=&#8221;Row&#8221;][et_pb_column type=&#8221;1_4&#8243;][et_pb_image admin_label=&#8221;Jacobo Rauskin &#8221; src=&#8221;http:\/\/circulodepoesia.com\/encuentrodepoesia\/wp-content\/uploads\/2017\/05\/30-jacobo-rauskin.jpg&#8221; url=&#8221;http:\/\/circulodepoesia.com\/2010\/07\/foja-de-poesia-no-212-jacobo-rauskin\/&#8221; \/][et_pb_text admin_label=&#8221;Text&#8221; header_text_color=&#8221;#000000&#8243; saved_tabs=&#8221;all&#8221;]<\/p>\n<h2><strong><span style=\"color: #000000;\">Jacobo Rauskin <\/span><\/strong><\/h2>\n<p><span style=\"color: #000000;\">Paraguay<\/span><\/p>\n<p>[\/et_pb_text][\/et_pb_column][et_pb_column type=&#8221;1_4&#8243;][\/et_pb_column][et_pb_column type=&#8221;1_4&#8243;][\/et_pb_column][et_pb_column type=&#8221;1_4&#8243;][\/et_pb_column][\/et_pb_row][\/et_pb_section]<\/p>\n","protected":false},"excerpt":{"rendered":"<p>ENCUENTRO IBEROAMERICANO DE POES\u00cdA CIUDAD DE M\u00c9XICO, 2006 El Encuentro Iberoamericano de Poes\u00eda Ciudad de M\u00e9xico 20O6 cont\u00f3 con la participaci\u00f3n de treinta poetas de Latinoam\u00e9rica y Espa\u00f1a. Este festival no s\u00f3lo reuni\u00f3 a los maestros de una \u00e9poca sino a todas las orientaciones est\u00e9ticas de la lengua espa\u00f1ola. PARTICIPANTES Ali Chumacero M\u00e9xico Thelma Nava [&hellip;]<\/p>\n","protected":false},"author":1,"featured_media":0,"parent":0,"menu_order":0,"comment_status":"closed","ping_status":"closed","template":"","meta":{"_et_pb_use_builder":"on","_et_pb_old_content":"","_et_gb_content_width":"","footnotes":""},"class_list":["post-100","page","type-page","status-publish","hentry"],"lang":"es","translations":{"es":100,"en":346},"pll_sync_post":[],"_links":{"self":[{"href":"https:\/\/circulodepoesia.com\/encuentrodepoesia\/wp-json\/wp\/v2\/pages\/100"}],"collection":[{"href":"https:\/\/circulodepoesia.com\/encuentrodepoesia\/wp-json\/wp\/v2\/pages"}],"about":[{"href":"https:\/\/circulodepoesia.com\/encuentrodepoesia\/wp-json\/wp\/v2\/types\/page"}],"author":[{"embeddable":true,"href":"https:\/\/circulodepoesia.com\/encuentrodepoesia\/wp-json\/wp\/v2\/users\/1"}],"replies":[{"embeddable":true,"href":"https:\/\/circulodepoesia.com\/encuentrodepoesia\/wp-json\/wp\/v2\/comments?post=100"}],"version-history":[{"count":8,"href":"https:\/\/circulodepoesia.com\/encuentrodepoesia\/wp-json\/wp\/v2\/pages\/100\/revisions"}],"predecessor-version":[{"id":752,"href":"https:\/\/circulodepoesia.com\/encuentrodepoesia\/wp-json\/wp\/v2\/pages\/100\/revisions\/752"}],"wp:attachment":[{"href":"https:\/\/circulodepoesia.com\/encuentrodepoesia\/wp-json\/wp\/v2\/media?parent=100"}],"curies":[{"name":"wp","href":"https:\/\/api.w.org\/{rel}","templated":true}]}}