{"id":102,"date":"2017-05-11T19:08:16","date_gmt":"2017-05-12T01:08:16","guid":{"rendered":"http:\/\/circulodepoesia.com\/encuentrodepoesia\/?page_id=102"},"modified":"2017-06-19T10:38:47","modified_gmt":"2017-06-19T16:38:47","slug":"eip-2016","status":"publish","type":"page","link":"https:\/\/circulodepoesia.com\/encuentrodepoesia\/es\/eip-2016\/","title":{"rendered":"EIP-2016"},"content":{"rendered":"<p>[et_pb_section bb_built=&#8221;1&#8243; admin_label=&#8221;Section&#8221; background_image=&#8221;http:\/\/circulodepoesia.com\/encuentrodepoesia\/wp-content\/uploads\/2017\/05\/fondo_1_2016.jpg&#8221; custom_padding=&#8221;54px|0px|150px|0px&#8221;][et_pb_row admin_label=&#8221;Row&#8221; custom_padding=&#8221;88px|0px|45px|0px&#8221;][et_pb_column type=&#8221;4_4&#8243;][et_pb_image admin_label=&#8221;Image&#8221; src=&#8221;http:\/\/circulodepoesia.com\/encuentrodepoesia\/wp-content\/uploads\/2017\/05\/titulofip2016-1.png&#8221; show_in_lightbox=&#8221;off&#8221; url_new_window=&#8221;off&#8221; use_overlay=&#8221;off&#8221; animation=&#8221;left&#8221; sticky=&#8221;off&#8221; align=&#8221;left&#8221; force_fullwidth=&#8221;off&#8221; always_center_on_mobile=&#8221;on&#8221; use_border_color=&#8221;off&#8221; border_color=&#8221;#ffffff&#8221; border_style=&#8221;solid&#8221; \/][\/et_pb_column][\/et_pb_row][\/et_pb_section][et_pb_section bb_built=&#8221;1&#8243; admin_label=&#8221;Section&#8221; background_image=&#8221;http:\/\/circulodepoesia.com\/encuentrodepoesia\/wp-content\/uploads\/2017\/05\/texto_fondo.jpg&#8221; parallax=&#8221;on&#8221; custom_padding=&#8221;80px|0px|94px|0px&#8221;][et_pb_row admin_label=&#8221;Row&#8221; custom_padding=&#8221;27px|0px|27px|0px&#8221;][et_pb_column type=&#8221;1_4&#8243;][\/et_pb_column][et_pb_column type=&#8221;1_2&#8243;][et_pb_text admin_label=&#8221;Text&#8221;]<\/p>\n<h1 style=\"text-align: center;\"><span style=\"font-size: x-large; color: #ffffff;\"><strong>ENCUENTRO INTERNACIONAL DE POES\u00cdA<\/strong><\/span><\/h1>\n<h2 style=\"text-align: center;\"><span style=\"font-size: x-large; color: #ffffff;\">PUEBLA\/CIUDAD DE M\u00c9XICO, 2016<\/span><\/h2>\n<p>[\/et_pb_text][et_pb_text admin_label=&#8221;Text&#8221;]<\/p>\n<p><span style=\"color: #ffffff; font-size: medium;\"><span style=\"color: #b97fe8;\"><a style=\"color: #b97fe8;\" href=\"http:\/\/circulodepoesia.com\/2017\/02\/encuentro-internacional-de-poesia-cdmx-2016-galeria-fotografica\/\"><strong>El Encuentro Internacional de Poes\u00eda Ciudad de M\u00e9xico 2016<\/strong><\/a> <\/span>cont\u00f3 con la participaci\u00f3n de catorce poetas de los cinco continentes. <em>El Premio de Poes\u00eda Nuevo Siglo de Oro<\/em> fue entregado al poeta Chino Duo Duo (1951).<\/span><\/p>\n<p>[\/et_pb_text][\/et_pb_column][et_pb_column type=&#8221;1_4&#8243;][\/et_pb_column][\/et_pb_row][\/et_pb_section][et_pb_section bb_built=&#8221;1&#8243; admin_label=&#8221;Section&#8221; background_image=&#8221;http:\/\/circulodepoesia.com\/encuentrodepoesia\/wp-content\/uploads\/2017\/05\/fondo_2_2016.jpg&#8221; custom_padding=&#8221;92px|0px|23px|0px&#8221;][et_pb_row admin_label=&#8221;Row&#8221;][et_pb_column type=&#8221;4_4&#8243;][et_pb_text admin_label=&#8221;Text&#8221;]<\/p>\n<h2 style=\"text-align: center;\"><span style=\"font-size: xx-large; color: #000000;\"><strong>PARTICIPANTES<\/strong><\/span><\/h2>\n<p>[\/et_pb_text][\/et_pb_column][\/et_pb_row][\/et_pb_section][et_pb_section bb_built=&#8221;1&#8243; admin_label=&#8221;Section&#8221; transparent_background=&#8221;off&#8221; allow_player_pause=&#8221;off&#8221; inner_shadow=&#8221;off&#8221; parallax=&#8221;off&#8221; parallax_method=&#8221;on&#8221; make_fullwidth=&#8221;off&#8221; use_custom_width=&#8221;off&#8221; width_unit=&#8221;on&#8221; make_equal=&#8221;off&#8221; use_custom_gutter=&#8221;off&#8221;][et_pb_row admin_label=&#8221;Row&#8221;][et_pb_column type=&#8221;1_4&#8243;][et_pb_image admin_label=&#8221;Duo Duo&#8221; src=&#8221;http:\/\/circulodepoesia.com\/encuentrodepoesia\/wp-content\/uploads\/2017\/05\/01-duo-duo.jpg&#8221; show_in_lightbox=&#8221;off&#8221; url=&#8221;http:\/\/circulodepoesia.com\/2016\/11\/duo-duo-premio-de-poesia-nuevo-siglo-de-oro-2016\/&#8221; url_new_window=&#8221;off&#8221; use_overlay=&#8221;off&#8221; animation=&#8221;left&#8221; sticky=&#8221;off&#8221; align=&#8221;left&#8221; force_fullwidth=&#8221;off&#8221; always_center_on_mobile=&#8221;on&#8221; use_border_color=&#8221;off&#8221; border_color=&#8221;#ffffff&#8221; border_style=&#8221;solid&#8221; \/][et_pb_text admin_label=&#8221;Text&#8221; background_layout=&#8221;light&#8221; text_orientation=&#8221;left&#8221; use_border_color=&#8221;off&#8221; border_color=&#8221;#ffffff&#8221; border_style=&#8221;solid&#8221; header_text_color=&#8221;#000000&#8243; saved_tabs=&#8221;all&#8221;]<\/p>\n<h2><strong><span style=\"color: #000000;\">Duo Duo<\/span><\/strong><\/h2>\n<p><span style=\"color: #000000;\">China<\/span><\/p>\n<p>[\/et_pb_text][\/et_pb_column][et_pb_column type=&#8221;1_4&#8243;][et_pb_image admin_label=&#8221;Ming Di&#8221; src=&#8221;http:\/\/circulodepoesia.com\/encuentrodepoesia\/wp-content\/uploads\/2017\/05\/02_ming-di.jpg&#8221; show_in_lightbox=&#8221;off&#8221; url=&#8221;http:\/\/circulodepoesia.com\/2016\/11\/ming-di-en-puebla-y-cdmx\/&#8221; url_new_window=&#8221;off&#8221; use_overlay=&#8221;off&#8221; animation=&#8221;left&#8221; sticky=&#8221;off&#8221; align=&#8221;left&#8221; force_fullwidth=&#8221;off&#8221; always_center_on_mobile=&#8221;on&#8221; use_border_color=&#8221;off&#8221; border_color=&#8221;#ffffff&#8221; border_style=&#8221;solid&#8221; \/][et_pb_text admin_label=&#8221;Text&#8221; background_layout=&#8221;light&#8221; text_orientation=&#8221;left&#8221; use_border_color=&#8221;off&#8221; border_color=&#8221;#ffffff&#8221; border_style=&#8221;solid&#8221; header_text_color=&#8221;#000000&#8243; saved_tabs=&#8221;all&#8221;]<\/p>\n<h2><strong><span style=\"color: #000000;\">Ming Di<\/span><\/strong><\/h2>\n<p><span style=\"color: #000000;\">China<\/span><\/p>\n<p>[\/et_pb_text][\/et_pb_column][et_pb_column type=&#8221;1_4&#8243;][et_pb_image admin_label=&#8221;Louise Wallace&#8221; src=&#8221;http:\/\/circulodepoesia.com\/encuentrodepoesia\/wp-content\/uploads\/2017\/05\/03_louise-wallace.jpg&#8221; show_in_lightbox=&#8221;off&#8221; url=&#8221;http:\/\/circulodepoesia.com\/2016\/11\/louise-wallace-en-puebla-y-cdmx\/&#8221; url_new_window=&#8221;off&#8221; use_overlay=&#8221;off&#8221; animation=&#8221;left&#8221; sticky=&#8221;off&#8221; align=&#8221;left&#8221; force_fullwidth=&#8221;off&#8221; always_center_on_mobile=&#8221;on&#8221; use_border_color=&#8221;off&#8221; border_color=&#8221;#ffffff&#8221; border_style=&#8221;solid&#8221; \/][et_pb_text admin_label=&#8221;Text&#8221; background_layout=&#8221;light&#8221; text_orientation=&#8221;left&#8221; use_border_color=&#8221;off&#8221; border_color=&#8221;#ffffff&#8221; border_style=&#8221;solid&#8221; header_text_color=&#8221;#000000&#8243; saved_tabs=&#8221;all&#8221;]<\/p>\n<h2><strong><span style=\"color: #000000;\">Louise Wallace<\/span><\/strong><\/h2>\n<p><span style=\"color: #000000;\">Nueva Zelanda<\/span><\/p>\n<p>[\/et_pb_text][\/et_pb_column][et_pb_column type=&#8221;1_4&#8243;][et_pb_image admin_label=&#8221;Daniel Calabrese&#8221; src=&#8221;http:\/\/circulodepoesia.com\/encuentrodepoesia\/wp-content\/uploads\/2017\/05\/04-daniel-calabrese-.jpg&#8221; show_in_lightbox=&#8221;off&#8221; url=&#8221;http:\/\/circulodepoesia.com\/2016\/11\/daniel-calabrese-en-puebla-y-cdmx\/&#8221; url_new_window=&#8221;off&#8221; use_overlay=&#8221;off&#8221; animation=&#8221;left&#8221; sticky=&#8221;off&#8221; align=&#8221;left&#8221; force_fullwidth=&#8221;off&#8221; always_center_on_mobile=&#8221;on&#8221; use_border_color=&#8221;off&#8221; border_color=&#8221;#ffffff&#8221; border_style=&#8221;solid&#8221; \/][et_pb_text admin_label=&#8221;Text&#8221; background_layout=&#8221;light&#8221; text_orientation=&#8221;left&#8221; use_border_color=&#8221;off&#8221; border_color=&#8221;#ffffff&#8221; border_style=&#8221;solid&#8221; header_text_color=&#8221;#000000&#8243; saved_tabs=&#8221;all&#8221;]<\/p>\n<h2><strong><span style=\"color: #000000;\">Daniel Calabrese<\/span><\/strong><\/h2>\n<p><span style=\"color: #000000;\">Argentina<\/span><\/p>\n<p>[\/et_pb_text][\/et_pb_column][\/et_pb_row][et_pb_row admin_label=&#8221;Row&#8221;][et_pb_column type=&#8221;1_4&#8243;][et_pb_image admin_label=&#8221;Carolyn Forch\u00e9&#8221; src=&#8221;http:\/\/circulodepoesia.com\/encuentrodepoesia\/wp-content\/uploads\/2017\/05\/05-carolyn-forche.jpg&#8221; show_in_lightbox=&#8221;off&#8221; url=&#8221;http:\/\/circulodepoesia.com\/2016\/11\/carolyn-forche-en-puebla-y-cdmx\/&#8221; url_new_window=&#8221;off&#8221; use_overlay=&#8221;off&#8221; animation=&#8221;left&#8221; sticky=&#8221;off&#8221; align=&#8221;left&#8221; force_fullwidth=&#8221;off&#8221; always_center_on_mobile=&#8221;on&#8221; use_border_color=&#8221;off&#8221; border_color=&#8221;#ffffff&#8221; border_style=&#8221;solid&#8221; \/][et_pb_text admin_label=&#8221;Text&#8221; background_layout=&#8221;light&#8221; text_orientation=&#8221;left&#8221; use_border_color=&#8221;off&#8221; border_color=&#8221;#ffffff&#8221; border_style=&#8221;solid&#8221; header_text_color=&#8221;#000000&#8243; saved_tabs=&#8221;all&#8221;]<\/p>\n<h2><strong><span style=\"color: #000000;\">Carolyn Forch\u00e9<\/span><\/strong><\/h2>\n<p><span style=\"color: #000000;\">Estados Unidos<\/span><\/p>\n<p>[\/et_pb_text][\/et_pb_column][et_pb_column type=&#8221;1_4&#8243;][et_pb_image admin_label=&#8221;Raquel Lanseros&#8221; src=&#8221;http:\/\/circulodepoesia.com\/encuentrodepoesia\/wp-content\/uploads\/2017\/05\/06-raquel-lanseros.jpg&#8221; show_in_lightbox=&#8221;off&#8221; url=&#8221;http:\/\/circulodepoesia.com\/2016\/11\/raquel-lanseros-en-puebla-y-cdmx\/&#8221; url_new_window=&#8221;off&#8221; use_overlay=&#8221;off&#8221; animation=&#8221;left&#8221; sticky=&#8221;off&#8221; align=&#8221;left&#8221; force_fullwidth=&#8221;off&#8221; always_center_on_mobile=&#8221;on&#8221; use_border_color=&#8221;off&#8221; border_color=&#8221;#ffffff&#8221; border_style=&#8221;solid&#8221; \/][et_pb_text admin_label=&#8221;Text&#8221; background_layout=&#8221;light&#8221; text_orientation=&#8221;left&#8221; use_border_color=&#8221;off&#8221; border_color=&#8221;#ffffff&#8221; border_style=&#8221;solid&#8221; header_text_color=&#8221;#000000&#8243; saved_tabs=&#8221;all&#8221;]<\/p>\n<h2><strong><span style=\"color: #000000;\">Raquel Lanseros<\/span><\/strong><\/h2>\n<p><span style=\"color: #000000;\">Espa\u00f1a<\/span><\/p>\n<p>[\/et_pb_text][\/et_pb_column][et_pb_column type=&#8221;1_4&#8243;][et_pb_image admin_label=&#8221;Fernando Valverde&#8221; src=&#8221;http:\/\/circulodepoesia.com\/encuentrodepoesia\/wp-content\/uploads\/2017\/05\/07_fernando-valverde.jpg&#8221; show_in_lightbox=&#8221;off&#8221; url=&#8221;http:\/\/circulodepoesia.com\/2016\/11\/fernando-valverde-en-puebla-y-cdmx\/&#8221; url_new_window=&#8221;off&#8221; use_overlay=&#8221;off&#8221; animation=&#8221;left&#8221; sticky=&#8221;off&#8221; align=&#8221;left&#8221; force_fullwidth=&#8221;off&#8221; always_center_on_mobile=&#8221;on&#8221; use_border_color=&#8221;off&#8221; border_color=&#8221;#ffffff&#8221; border_style=&#8221;solid&#8221; \/][et_pb_text admin_label=&#8221;Text&#8221; background_layout=&#8221;light&#8221; text_orientation=&#8221;left&#8221; use_border_color=&#8221;off&#8221; border_color=&#8221;#ffffff&#8221; border_style=&#8221;solid&#8221; header_text_color=&#8221;#000000&#8243; saved_tabs=&#8221;all&#8221;]<\/p>\n<h2><strong><span style=\"color: #000000;\">Fernando Valverde<\/span><\/strong><\/h2>\n<p><span style=\"color: #000000;\">Espa\u00f1a<\/span><\/p>\n<p>[\/et_pb_text][\/et_pb_column][et_pb_column type=&#8221;1_4&#8243;][et_pb_image admin_label=&#8221;Felipe Garc\u00eda Quintero&#8221; src=&#8221;http:\/\/circulodepoesia.com\/encuentrodepoesia\/wp-content\/uploads\/2017\/05\/08-felipe-garcia-quintero.jpg&#8221; show_in_lightbox=&#8221;off&#8221; url=&#8221;http:\/\/circulodepoesia.com\/2016\/11\/felipe-garcia-quintero-en-puebla-y-cdmx\/&#8221; url_new_window=&#8221;off&#8221; use_overlay=&#8221;off&#8221; animation=&#8221;left&#8221; sticky=&#8221;off&#8221; align=&#8221;left&#8221; force_fullwidth=&#8221;off&#8221; always_center_on_mobile=&#8221;on&#8221; use_border_color=&#8221;off&#8221; border_color=&#8221;#ffffff&#8221; border_style=&#8221;solid&#8221; \/][et_pb_text admin_label=&#8221;Text&#8221; background_layout=&#8221;light&#8221; text_orientation=&#8221;left&#8221; use_border_color=&#8221;off&#8221; border_color=&#8221;#ffffff&#8221; border_style=&#8221;solid&#8221; header_text_color=&#8221;#000000&#8243; saved_tabs=&#8221;all&#8221;]<\/p>\n<h2><strong><span style=\"color: #000000;\">Felipe Garc\u00eda Quintero<\/span><\/strong><\/h2>\n<p><span style=\"color: #000000;\">Colombia<\/span><\/p>\n<p>[\/et_pb_text][\/et_pb_column][\/et_pb_row][et_pb_row admin_label=&#8221;Row&#8221;][et_pb_column type=&#8221;1_4&#8243;][et_pb_image admin_label=&#8221;G. A. Chaves&#8221; src=&#8221;http:\/\/circulodepoesia.com\/encuentrodepoesia\/wp-content\/uploads\/2017\/05\/09-ga-chaves.jpg&#8221; show_in_lightbox=&#8221;off&#8221; url=&#8221;http:\/\/circulodepoesia.com\/2016\/11\/g-a-chaves-en-puebla-y-cdmx\/&#8221; url_new_window=&#8221;off&#8221; use_overlay=&#8221;off&#8221; animation=&#8221;left&#8221; sticky=&#8221;off&#8221; align=&#8221;left&#8221; force_fullwidth=&#8221;off&#8221; always_center_on_mobile=&#8221;on&#8221; use_border_color=&#8221;off&#8221; border_color=&#8221;#ffffff&#8221; border_style=&#8221;solid&#8221; \/][et_pb_text admin_label=&#8221;Text&#8221; background_layout=&#8221;light&#8221; text_orientation=&#8221;left&#8221; use_border_color=&#8221;off&#8221; border_color=&#8221;#ffffff&#8221; border_style=&#8221;solid&#8221; header_text_color=&#8221;#000000&#8243; saved_tabs=&#8221;all&#8221;]<\/p>\n<h2><strong><span style=\"color: #000000;\">G. A. Chaves<\/span><\/strong><\/h2>\n<p><span style=\"color: #000000;\">Costa Rica<\/span><\/p>\n<p>[\/et_pb_text][\/et_pb_column][et_pb_column type=&#8221;1_4&#8243;][et_pb_image admin_label=&#8221;Rub\u00e9n M\u00e1rquez M\u00e1ximo&#8221; src=&#8221;http:\/\/circulodepoesia.com\/encuentrodepoesia\/wp-content\/uploads\/2017\/05\/10_ruben-marquez-maximo.jpg&#8221; show_in_lightbox=&#8221;off&#8221; url=&#8221;http:\/\/circulodepoesia.com\/2016\/11\/ruben-marquez-maximo-en-puebla-y-cdmx\/&#8221; url_new_window=&#8221;off&#8221; use_overlay=&#8221;off&#8221; animation=&#8221;left&#8221; sticky=&#8221;off&#8221; align=&#8221;left&#8221; force_fullwidth=&#8221;off&#8221; always_center_on_mobile=&#8221;on&#8221; use_border_color=&#8221;off&#8221; border_color=&#8221;#ffffff&#8221; border_style=&#8221;solid&#8221; \/][et_pb_text admin_label=&#8221;Text&#8221; background_layout=&#8221;light&#8221; text_orientation=&#8221;left&#8221; use_border_color=&#8221;off&#8221; border_color=&#8221;#ffffff&#8221; border_style=&#8221;solid&#8221; header_text_color=&#8221;#000000&#8243; saved_tabs=&#8221;all&#8221;]<\/p>\n<h2><strong><span style=\"color: #000000;\">Rub\u00e9n M\u00e1rquez M\u00e1ximo<\/span><\/strong><\/h2>\n<p><span style=\"color: #000000;\">M\u00e9xico<\/span><\/p>\n<p>[\/et_pb_text][\/et_pb_column][et_pb_column type=&#8221;1_4&#8243;][et_pb_image admin_label=&#8221;Luis David Palacios&#8221; src=&#8221;http:\/\/circulodepoesia.com\/encuentrodepoesia\/wp-content\/uploads\/2017\/05\/11_luis-david-palacios.jpg&#8221; show_in_lightbox=&#8221;off&#8221; url=&#8221;http:\/\/circulodepoesia.com\/2016\/11\/luis-david-palacios-en-puebla-y-cdmx\/&#8221; url_new_window=&#8221;off&#8221; use_overlay=&#8221;off&#8221; animation=&#8221;left&#8221; sticky=&#8221;off&#8221; align=&#8221;left&#8221; force_fullwidth=&#8221;off&#8221; always_center_on_mobile=&#8221;on&#8221; use_border_color=&#8221;off&#8221; border_color=&#8221;#ffffff&#8221; border_style=&#8221;solid&#8221; \/][et_pb_text admin_label=&#8221;Text&#8221; background_layout=&#8221;light&#8221; text_orientation=&#8221;left&#8221; use_border_color=&#8221;off&#8221; border_color=&#8221;#ffffff&#8221; border_style=&#8221;solid&#8221; header_text_color=&#8221;#000000&#8243; saved_tabs=&#8221;all&#8221;]<\/p>\n<h2><strong><span style=\"color: #000000;\">Luis David Palacios<\/span><\/strong><\/h2>\n<p><span style=\"color: #000000;\">M\u00e9xico<\/span><\/p>\n<p>[\/et_pb_text][\/et_pb_column][et_pb_column type=&#8221;1_4&#8243;][et_pb_image admin_label=&#8221;C\u00e9sar Ca\u00f1edo&#8221; src=&#8221;http:\/\/circulodepoesia.com\/encuentrodepoesia\/wp-content\/uploads\/2017\/05\/12_cesar-canedo.jpg&#8221; show_in_lightbox=&#8221;off&#8221; url=&#8221;http:\/\/circulodepoesia.com\/2016\/11\/cesar-canedo-en-puebla-y-cdmx\/&#8221; url_new_window=&#8221;off&#8221; use_overlay=&#8221;off&#8221; animation=&#8221;left&#8221; sticky=&#8221;off&#8221; align=&#8221;left&#8221; force_fullwidth=&#8221;off&#8221; always_center_on_mobile=&#8221;on&#8221; use_border_color=&#8221;off&#8221; border_color=&#8221;#ffffff&#8221; border_style=&#8221;solid&#8221; \/][et_pb_text admin_label=&#8221;Text&#8221; background_layout=&#8221;light&#8221; text_orientation=&#8221;left&#8221; use_border_color=&#8221;off&#8221; border_color=&#8221;#ffffff&#8221; border_style=&#8221;solid&#8221; header_text_color=&#8221;#000000&#8243; saved_tabs=&#8221;all&#8221;]<\/p>\n<h2><strong><span style=\"color: #000000;\">C\u00e9sar Ca\u00f1edo<\/span><\/strong><\/h2>\n<p><span style=\"color: #000000;\">M\u00e9xico<\/span><\/p>\n<p>[\/et_pb_text][\/et_pb_column][\/et_pb_row][et_pb_row admin_label=&#8221;Row&#8221;][et_pb_column type=&#8221;1_4&#8243;][et_pb_image admin_label=&#8221;Gabriel Bota&#8221; src=&#8221;http:\/\/circulodepoesia.com\/encuentrodepoesia\/wp-content\/uploads\/2017\/05\/13-gabrielbota.jpg&#8221; show_in_lightbox=&#8221;off&#8221; url=&#8221;http:\/\/circulodepoesia.com\/2017\/02\/poesiacontraelmuro-poetryvsthewall-poesievsmur-gabriel-bota-rumania\/&#8221; url_new_window=&#8221;off&#8221; use_overlay=&#8221;off&#8221; animation=&#8221;left&#8221; sticky=&#8221;off&#8221; align=&#8221;left&#8221; force_fullwidth=&#8221;off&#8221; always_center_on_mobile=&#8221;on&#8221; use_border_color=&#8221;off&#8221; border_color=&#8221;#ffffff&#8221; border_style=&#8221;solid&#8221; \/][et_pb_text admin_label=&#8221;Text&#8221; background_layout=&#8221;light&#8221; text_orientation=&#8221;left&#8221; use_border_color=&#8221;off&#8221; border_color=&#8221;#ffffff&#8221; border_style=&#8221;solid&#8221; header_text_color=&#8221;#000000&#8243; saved_tabs=&#8221;all&#8221;]<\/p>\n<h2><strong><span style=\"color: #000000;\">Gabriel Bota<\/span><\/strong><\/h2>\n<p><span style=\"color: #000000;\">Rumania<\/span><\/p>\n<p>[\/et_pb_text][\/et_pb_column][et_pb_column type=&#8221;1_4&#8243;][et_pb_image admin_label=&#8221;Mifrani Abdelhaq&#8221; src=&#8221;http:\/\/circulodepoesia.com\/encuentrodepoesia\/wp-content\/uploads\/2017\/05\/14_Mifrani-Abdelhaq.jpg&#8221; show_in_lightbox=&#8221;off&#8221; url_new_window=&#8221;off&#8221; use_overlay=&#8221;off&#8221; animation=&#8221;left&#8221; sticky=&#8221;off&#8221; align=&#8221;left&#8221; force_fullwidth=&#8221;off&#8221; always_center_on_mobile=&#8221;on&#8221; use_border_color=&#8221;off&#8221; border_color=&#8221;#ffffff&#8221; border_style=&#8221;solid&#8221; \/][et_pb_text admin_label=&#8221;Text&#8221; background_layout=&#8221;light&#8221; text_orientation=&#8221;left&#8221; use_border_color=&#8221;off&#8221; border_color=&#8221;#ffffff&#8221; border_style=&#8221;solid&#8221; header_text_color=&#8221;#000000&#8243; saved_tabs=&#8221;all&#8221;]<\/p>\n<h2><strong><span style=\"color: #000000;\">Mifrani Abdelhaq<\/span><\/strong><\/h2>\n<p><span style=\"color: #000000;\">Rumania<\/span><\/p>\n<p>[\/et_pb_text][\/et_pb_column][et_pb_column type=&#8221;1_4&#8243;][\/et_pb_column][et_pb_column type=&#8221;1_4&#8243;][\/et_pb_column][\/et_pb_row][\/et_pb_section]<\/p>\n","protected":false},"excerpt":{"rendered":"<p>ENCUENTRO INTERNACIONAL DE POES\u00cdA PUEBLA\/CIUDAD DE M\u00c9XICO, 2016 El Encuentro Internacional de Poes\u00eda Ciudad de M\u00e9xico 2016 cont\u00f3 con la participaci\u00f3n de catorce poetas de los cinco continentes. El Premio de Poes\u00eda Nuevo Siglo de Oro fue entregado al poeta Chino Duo Duo (1951). PARTICIPANTES Duo Duo China Ming Di China Louise Wallace Nueva Zelanda [&hellip;]<\/p>\n","protected":false},"author":1,"featured_media":0,"parent":0,"menu_order":0,"comment_status":"closed","ping_status":"closed","template":"","meta":{"_et_pb_use_builder":"on","_et_pb_old_content":"","_et_gb_content_width":"","footnotes":""},"class_list":["post-102","page","type-page","status-publish","hentry"],"lang":"es","translations":{"es":102,"en":350},"pll_sync_post":[],"_links":{"self":[{"href":"https:\/\/circulodepoesia.com\/encuentrodepoesia\/wp-json\/wp\/v2\/pages\/102"}],"collection":[{"href":"https:\/\/circulodepoesia.com\/encuentrodepoesia\/wp-json\/wp\/v2\/pages"}],"about":[{"href":"https:\/\/circulodepoesia.com\/encuentrodepoesia\/wp-json\/wp\/v2\/types\/page"}],"author":[{"embeddable":true,"href":"https:\/\/circulodepoesia.com\/encuentrodepoesia\/wp-json\/wp\/v2\/users\/1"}],"replies":[{"embeddable":true,"href":"https:\/\/circulodepoesia.com\/encuentrodepoesia\/wp-json\/wp\/v2\/comments?post=102"}],"version-history":[{"count":14,"href":"https:\/\/circulodepoesia.com\/encuentrodepoesia\/wp-json\/wp\/v2\/pages\/102\/revisions"}],"predecessor-version":[{"id":536,"href":"https:\/\/circulodepoesia.com\/encuentrodepoesia\/wp-json\/wp\/v2\/pages\/102\/revisions\/536"}],"wp:attachment":[{"href":"https:\/\/circulodepoesia.com\/encuentrodepoesia\/wp-json\/wp\/v2\/media?parent=102"}],"curies":[{"name":"wp","href":"https:\/\/api.w.org\/{rel}","templated":true}]}}