{"id":128,"date":"2017-05-11T19:25:39","date_gmt":"2017-05-12T01:25:39","guid":{"rendered":"http:\/\/circulodepoesia.com\/encuentrodepoesia\/?page_id=128"},"modified":"2018-07-18T11:50:34","modified_gmt":"2018-07-18T17:50:34","slug":"contacto","status":"publish","type":"page","link":"https:\/\/circulodepoesia.com\/encuentrodepoesia\/es\/contacto\/","title":{"rendered":"Contacto"},"content":{"rendered":"<p>[et_pb_section bb_built=&#8221;1&#8243; background_image=&#8221;http:\/\/circulodepoesia.com\/encuentrodepoesia\/wp-content\/uploads\/2018\/07\/circulos_plaqueta_premio.jpg&#8221; custom_padding=&#8221;54px|0px|53px|0px&#8221; parallax=&#8221;on&#8221; next_background_color=&#8221;#ffffff&#8221; _builder_version=&#8221;3.9&#8243;][et_pb_row custom_padding=&#8221;57px|0px|46px|0px&#8221; background_position=&#8221;top_left&#8221; background_repeat=&#8221;repeat&#8221; background_size=&#8221;initial&#8221;][et_pb_column type=&#8221;4_4&#8243;][et_pb_text background_position=&#8221;top_left&#8221; background_repeat=&#8221;repeat&#8221; background_size=&#8221;initial&#8221;]<\/p>\n<h1 style=\"text-align: center;\"><span style=\"color: #ffffff;\"><strong><span style=\"font-size: xx-large;\">CONTACTO<\/span><\/strong><\/span><\/h1>\n<p>[\/et_pb_text][\/et_pb_column][\/et_pb_row][\/et_pb_section][et_pb_section bb_built=&#8221;1&#8243; custom_padding=&#8221;13px|0px|144px|0px&#8221; prev_background_color=&#8221;#000000&#8243;][et_pb_row background_position=&#8221;top_left&#8221; background_repeat=&#8221;repeat&#8221; background_size=&#8221;initial&#8221;][et_pb_column type=&#8221;1_3&#8243;][et_pb_text background_position=&#8221;top_left&#8221; background_repeat=&#8221;repeat&#8221; background_size=&#8221;initial&#8221;]<\/p>\n<p><span style=\"font-size: medium;\"><strong><span style=\"color: #000092;\"><a style=\"color: #000092;\" href=\"mailto:mexicocitypoetryfestival@gmail.com\">mexicocitypoetryfestival@gmail.com<\/a><\/span><\/strong><\/span><\/p>\n<p><strong>Mario Boj\u00f3rquez<\/strong><br \/>\n<span style=\"color: #000092;\"><a style=\"color: #000092;\" href=\"mailto:hiperboreos@hotmail.com\">hiperboreos@hotmail.com<\/a><\/span><\/p>\n<p><strong>Al\u00ed Calder\u00f3n<\/strong><br \/>\n<span style=\"color: #000092;\"><a style=\"color: #000092;\" href=\"mailto:alicalderonf@hotmail.com\">alicalderonf@hotmail.com<\/a><\/span><\/p>\n<p><strong>Roberto Am\u00e9zquita<\/strong><br \/>\n<span style=\"color: #000092;\"><a style=\"color: #000092;\" href=\"mailto:amezquita.roberto@gmail.com\">amezquita.roberto@gmail.com<\/a><\/span><\/p>\n<p>[\/et_pb_text][\/et_pb_column][et_pb_column type=&#8221;2_3&#8243;][et_pb_contact_form module_id=&#8221;et_pb_contact_form_0&#8243; custom_button=&#8221;on&#8221; button_text_size=&#8221;13&#8243; button_text_color=&#8221;#000092&#8243; button_border_color=&#8221;#000092&#8243; button_icon=&#8221;%%198%%&#8221; button_icon_color=&#8221;#000092&#8243; _builder_version=&#8221;3.9&#8243; email=&#8221;alicalderonf@hotmail.com&#8221; success_message=&#8221;Muchas gracias por escribirnos. En breve nos pondremos en contacto contigo. &#8220;][et_pb_contact_field field_id=&#8221;Nombre&#8221; field_title=&#8221;Nombre&#8221; form_field_font=&#8221;||||&#8221; use_border_color=&#8221;off&#8221;][\/et_pb_contact_field][et_pb_contact_field field_id=&#8221;Email&#8221; field_title=&#8221;Correo electr\u00f3nico&#8221; field_type=&#8221;email&#8221; fullwidth_field=&#8221;on&#8221; form_field_font=&#8221;||||&#8221; use_border_color=&#8221;off&#8221;][\/et_pb_contact_field][et_pb_contact_field field_id=&#8221;Message&#8221; field_title=&#8221;Mensaje&#8221; field_type=&#8221;text&#8221; fullwidth_field=&#8221;on&#8221; form_field_font=&#8221;||||&#8221; use_border_color=&#8221;off&#8221;][\/et_pb_contact_field][\/et_pb_contact_form][\/et_pb_column][\/et_pb_row][\/et_pb_section]<\/p>\n","protected":false},"excerpt":{"rendered":"<p>CONTACTO mexicocitypoetryfestival@gmail.com Mario Boj\u00f3rquez hiperboreos@hotmail.com Al\u00ed Calder\u00f3n alicalderonf@hotmail.com Roberto Am\u00e9zquita amezquita.roberto@gmail.com<\/p>\n","protected":false},"author":1,"featured_media":0,"parent":0,"menu_order":0,"comment_status":"closed","ping_status":"closed","template":"","meta":{"_et_pb_use_builder":"on","_et_pb_old_content":"","_et_gb_content_width":"","footnotes":""},"class_list":["post-128","page","type-page","status-publish","hentry"],"lang":"es","translations":{"es":128,"en":348},"pll_sync_post":[],"_links":{"self":[{"href":"https:\/\/circulodepoesia.com\/encuentrodepoesia\/wp-json\/wp\/v2\/pages\/128"}],"collection":[{"href":"https:\/\/circulodepoesia.com\/encuentrodepoesia\/wp-json\/wp\/v2\/pages"}],"about":[{"href":"https:\/\/circulodepoesia.com\/encuentrodepoesia\/wp-json\/wp\/v2\/types\/page"}],"author":[{"embeddable":true,"href":"https:\/\/circulodepoesia.com\/encuentrodepoesia\/wp-json\/wp\/v2\/users\/1"}],"replies":[{"embeddable":true,"href":"https:\/\/circulodepoesia.com\/encuentrodepoesia\/wp-json\/wp\/v2\/comments?post=128"}],"version-history":[{"count":15,"href":"https:\/\/circulodepoesia.com\/encuentrodepoesia\/wp-json\/wp\/v2\/pages\/128\/revisions"}],"predecessor-version":[{"id":869,"href":"https:\/\/circulodepoesia.com\/encuentrodepoesia\/wp-json\/wp\/v2\/pages\/128\/revisions\/869"}],"wp:attachment":[{"href":"https:\/\/circulodepoesia.com\/encuentrodepoesia\/wp-json\/wp\/v2\/media?parent=128"}],"curies":[{"name":"wp","href":"https:\/\/api.w.org\/{rel}","templated":true}]}}