{"id":98,"date":"2017-05-11T19:05:24","date_gmt":"2017-05-12T01:05:24","guid":{"rendered":"http:\/\/circulodepoesia.com\/encuentrodepoesia\/?page_id=98"},"modified":"2018-07-18T11:58:02","modified_gmt":"2018-07-18T17:58:02","slug":"inicio","status":"publish","type":"page","link":"https:\/\/circulodepoesia.com\/encuentrodepoesia\/es\/inicio\/","title":{"rendered":"Inicio"},"content":{"rendered":"<p>[et_pb_section bb_built=&#8221;1&#8243; admin_label=&#8221;section&#8221; _builder_version=&#8221;3.9&#8243; background_image=&#8221;http:\/\/circulodepoesia.com\/encuentrodepoesia\/wp-content\/uploads\/2018\/07\/fondo_home_rosa_2018.jpg&#8221; parallax=&#8221;on&#8221; custom_padding=&#8221;54px|0px|54px|0px&#8221; next_background_color=&#8221;#ffffff&#8221;][et_pb_row _builder_version=&#8221;3.0.47&#8243; background_size=&#8221;initial&#8221; background_position=&#8221;top_left&#8221; background_repeat=&#8221;repeat&#8221;][et_pb_column type=&#8221;1_3&#8243;][\/et_pb_column][et_pb_column type=&#8221;2_3&#8243;][et_pb_image src=&#8221;http:\/\/circulodepoesia.com\/encuentrodepoesia\/wp-content\/uploads\/2017\/05\/encuentro_HOME_blanco.png&#8221; title_text=&#8221;ENCUENTRO INTERNACIONAL DE POES\u00cdA&#8221; _builder_version=&#8221;3.0.74&#8243; animation_style=&#8221;slide&#8221; animation_direction=&#8221;right&#8221; animation_duration=&#8221;500ms&#8221; animation_intensity_slide=&#8221;10%&#8221; animation=&#8221;right&#8221; \/][et_pb_image src=&#8221;http:\/\/circulodepoesia.com\/encuentrodepoesia\/wp-content\/uploads\/2018\/07\/cdmex_home_HOME2018.png&#8221; title_text=&#8221;Ciudad de mexico 2017&#8243; _builder_version=&#8221;3.9&#8243; animation_style=&#8221;slide&#8221; animation_direction=&#8221;right&#8221; animation_duration=&#8221;500ms&#8221; animation_intensity_slide=&#8221;10%&#8221; \/][\/et_pb_column][\/et_pb_row][\/et_pb_section][et_pb_section bb_built=&#8221;1&#8243; _builder_version=&#8221;3.9&#8243; custom_padding=&#8221;71px|0px|91px|0px&#8221; prev_background_color=&#8221;#000000&#8243; next_background_color=&#8221;#000000&#8243;][et_pb_row _builder_version=&#8221;3.9&#8243; background_size=&#8221;initial&#8221; background_position=&#8221;top_left&#8221; background_repeat=&#8221;repeat&#8221;][et_pb_column type=&#8221;1_4&#8243;][\/et_pb_column][et_pb_column type=&#8221;1_2&#8243;][et_pb_text _builder_version=&#8221;3.0.74&#8243; background_size=&#8221;initial&#8221; background_position=&#8221;top_left&#8221; background_repeat=&#8221;repeat&#8221;]<\/p>\n<p style=\"text-align: center;\"><span style=\"font-size: x-large;\"><strong>Encuentro Internacional de Poes\u00eda <\/strong><\/span><\/p>\n<p style=\"text-align: center;\"><span style=\"font-size: x-large;\">Ciudad de M\u00e9xico 2018<\/span><\/p>\n<p>[\/et_pb_text][et_pb_text _builder_version=&#8221;3.9&#8243; background_size=&#8221;initial&#8221; background_position=&#8221;top_left&#8221; background_repeat=&#8221;repeat&#8221; use_border_color=&#8221;off&#8221; border_color=&#8221;#ffffff&#8221; border_style=&#8221;solid&#8221;]<\/p>\n<p style=\"text-align: justify;\"><span style=\"font-size: large;\"><strong>El Encuentro Internacional de Poes\u00eda Ciudad de M\u00e9xico 2018<\/strong>&nbsp;cuenta con la participaci\u00f3n de catorce poetas de los cinco continentes. El <em>Premio de Poes\u00eda Nuevo Siglo de Oro<\/em> fue entregado al poeta surcoreano Ko Un.<\/span><\/p>\n<p>[\/et_pb_text][\/et_pb_column][et_pb_column type=&#8221;1_4&#8243;][\/et_pb_column][\/et_pb_row][\/et_pb_section][et_pb_section bb_built=&#8221;1&#8243; _builder_version=&#8221;3.9&#8243; background_image=&#8221;http:\/\/circulodepoesia.com\/encuentrodepoesia\/wp-content\/uploads\/2018\/07\/circulos_fondo.png&#8221; prev_background_color=&#8221;#ffffff&#8221; next_background_color=&#8221;#ffffff&#8221;][et_pb_row _builder_version=&#8221;3.0.47&#8243; background_size=&#8221;initial&#8221; background_position=&#8221;top_left&#8221; background_repeat=&#8221;repeat&#8221;][et_pb_column type=&#8221;1_3&#8243;][\/et_pb_column][et_pb_column type=&#8221;1_3&#8243;][et_pb_text _builder_version=&#8221;3.0.74&#8243; background_size=&#8221;initial&#8221; background_position=&#8221;top_left&#8221; background_repeat=&#8221;repeat&#8221;]<\/p>\n<h1><span style=\"color: #ffffff;\"><strong>NOTICIAS<\/strong><\/span><\/h1>\n<p>[\/et_pb_text][et_pb_blog posts_number=&#8221;5&#8243; include_categories=&#8221;39&#8243; meta_date=&#8221;d\/m\/Y&#8221; show_more=&#8221;on&#8221; show_author=&#8221;off&#8221; show_categories=&#8221;off&#8221; _builder_version=&#8221;3.9&#8243; fullwidth=&#8221;off&#8221; show_date=&#8221;off&#8221; \/][\/et_pb_column][et_pb_column type=&#8221;1_3&#8243;][\/et_pb_column][\/et_pb_row][\/et_pb_section][et_pb_section bb_built=&#8221;1&#8243; _builder_version=&#8221;3.9&#8243; prev_background_color=&#8221;#000000&#8243;][et_pb_row _builder_version=&#8221;3.0.47&#8243; background_size=&#8221;initial&#8221; background_position=&#8221;top_left&#8221; background_repeat=&#8221;repeat&#8221;][et_pb_column type=&#8221;4_4&#8243;][et_pb_text _builder_version=&#8221;3.0.74&#8243; background_size=&#8221;initial&#8221; background_position=&#8221;top_left&#8221; background_repeat=&#8221;repeat&#8221;]<\/p>\n<h1 style=\"text-align: center;\"><strong>PARTICIPANTES<\/strong><\/h1>\n<p>[\/et_pb_text][\/et_pb_column][\/et_pb_row][et_pb_row _builder_version=&#8221;3.0.47&#8243; background_size=&#8221;initial&#8221; background_position=&#8221;top_left&#8221; background_repeat=&#8221;repeat&#8221;][et_pb_column type=&#8221;1_4&#8243;][et_pb_image admin_label=&#8221;Abre_paxe&#8221; src=&#8221;http:\/\/circulodepoesia.com\/encuentrodepoesia\/wp-content\/uploads\/2018\/07\/01_Abreu_Paxe.jpg&#8221; url=&#8221;http:\/\/circulodepoesia.com\/2018\/07\/poesia-de-angola-abreu-paxe\/&#8221; _builder_version=&#8221;3.9&#8243; animation_style=&#8221;slide&#8221; animation_direction=&#8221;left&#8221; animation_duration=&#8221;500ms&#8221; animation_intensity_slide=&#8221;10%&#8221; use_border_color=&#8221;off&#8221; border_color=&#8221;#ffffff&#8221; border_style=&#8221;solid&#8221; animation=&#8221;left&#8221; sticky=&#8221;off&#8221; \/][et_pb_text _builder_version=&#8221;3.9&#8243; header_text_color=&#8221;#000000&#8243; background_size=&#8221;initial&#8221; background_position=&#8221;top_left&#8221; background_repeat=&#8221;repeat&#8221; use_border_color=&#8221;off&#8221; border_color=&#8221;#ffffff&#8221; border_style=&#8221;solid&#8221; saved_tabs=&#8221;all&#8221;]<\/p>\n<h2><strong><span style=\"color: #000000;\">Abreu Paxe<\/span><\/strong><\/h2>\n<p><span style=\"color: #000000;\">Angola<\/span><\/p>\n<p>[\/et_pb_text][\/et_pb_column][et_pb_column type=&#8221;1_4&#8243;][et_pb_image admin_label=&#8221;02_Bas_Kwakman&#8221; src=&#8221;http:\/\/circulodepoesia.com\/encuentrodepoesia\/wp-content\/uploads\/2018\/07\/02_Bas_Kwakman.jpg&#8221; url=&#8221;https:\/\/circulodepoesia.com\/2017\/09\/minificciones-de-bas-kwakman\/&#8221; _builder_version=&#8221;3.9&#8243; animation_style=&#8221;slide&#8221; animation_direction=&#8221;left&#8221; animation_duration=&#8221;500ms&#8221; animation_intensity_slide=&#8221;10%&#8221; use_border_color=&#8221;off&#8221; border_color=&#8221;#ffffff&#8221; border_style=&#8221;solid&#8221; animation=&#8221;left&#8221; sticky=&#8221;off&#8221; \/][et_pb_text _builder_version=&#8221;3.9&#8243; header_text_color=&#8221;#000000&#8243; background_size=&#8221;initial&#8221; background_position=&#8221;top_left&#8221; background_repeat=&#8221;repeat&#8221; use_border_color=&#8221;off&#8221; border_color=&#8221;#ffffff&#8221; border_style=&#8221;solid&#8221; saved_tabs=&#8221;all&#8221;]<\/p>\n<h2><strong><span style=\"color: #000000;\">Bas Kwakman<\/span><\/strong><\/h2>\n<p><span style=\"color: #000000;\">Holanda<\/span><\/p>\n<p>[\/et_pb_text][\/et_pb_column][et_pb_column type=&#8221;1_4&#8243;][et_pb_image admin_label=&#8221;03_Efe_Duyan&#8221; src=&#8221;http:\/\/circulodepoesia.com\/encuentrodepoesia\/wp-content\/uploads\/2018\/07\/03_Efe_Duyan.jpg&#8221; url=&#8221;https:\/\/circulodepoesia.com\/2018\/05\/poesia-turca-efe-duyan\/&#8221; _builder_version=&#8221;3.9&#8243; animation_style=&#8221;slide&#8221; animation_direction=&#8221;left&#8221; animation_duration=&#8221;500ms&#8221; animation_intensity_slide=&#8221;10%&#8221; use_border_color=&#8221;off&#8221; border_color=&#8221;#ffffff&#8221; border_style=&#8221;solid&#8221; animation=&#8221;left&#8221; sticky=&#8221;off&#8221; \/][et_pb_text _builder_version=&#8221;3.9&#8243; header_text_color=&#8221;#000000&#8243; background_size=&#8221;initial&#8221; background_position=&#8221;top_left&#8221; background_repeat=&#8221;repeat&#8221; use_border_color=&#8221;off&#8221; border_color=&#8221;#ffffff&#8221; border_style=&#8221;solid&#8221; saved_tabs=&#8221;all&#8221;]<\/p>\n<h2><strong><span style=\"color: #000000;\">Efe Duyan<\/span><\/strong><\/h2>\n<p><span style=\"color: #000000;\">Turqu\u00eda<\/span><\/p>\n<p>[\/et_pb_text][\/et_pb_column][et_pb_column type=&#8221;1_4&#8243;][et_pb_image admin_label=&#8221;04_Enrique_Solinas&#8221; src=&#8221;http:\/\/circulodepoesia.com\/encuentrodepoesia\/wp-content\/uploads\/2018\/07\/04_Enrique_Solinas.jpg&#8221; url=&#8221;https:\/\/circulodepoesia.com\/2013\/03\/foja-de-poesia-no-389-enrique-solinas\/&#8221; _builder_version=&#8221;3.9&#8243; animation_style=&#8221;slide&#8221; animation_direction=&#8221;left&#8221; animation_duration=&#8221;500ms&#8221; animation_intensity_slide=&#8221;10%&#8221; use_border_color=&#8221;off&#8221; border_color=&#8221;#ffffff&#8221; border_style=&#8221;solid&#8221; animation=&#8221;left&#8221; sticky=&#8221;off&#8221; \/][et_pb_text _builder_version=&#8221;3.9&#8243; header_text_color=&#8221;#000000&#8243; background_size=&#8221;initial&#8221; background_position=&#8221;top_left&#8221; background_repeat=&#8221;repeat&#8221; use_border_color=&#8221;off&#8221; border_color=&#8221;#ffffff&#8221; border_style=&#8221;solid&#8221; saved_tabs=&#8221;all&#8221;]<\/p>\n<h2><strong><span style=\"color: #000000;\">Enrique Solinas<\/span><\/strong><\/h2>\n<p><span style=\"color: #000000;\">Argentina<\/span><\/p>\n<p>[\/et_pb_text][\/et_pb_column][\/et_pb_row][et_pb_row _builder_version=&#8221;3.0.47&#8243; background_size=&#8221;initial&#8221; background_position=&#8221;top_left&#8221; background_repeat=&#8221;repeat&#8221;][et_pb_column type=&#8221;1_4&#8243;][et_pb_image admin_label=&#8221;05_James_Byrne&#8221; src=&#8221;http:\/\/circulodepoesia.com\/encuentrodepoesia\/wp-content\/uploads\/2018\/07\/05_James_Byrne.jpg&#8221; url=&#8221;https:\/\/circulodepoesia.com\/2017\/10\/poesia-inglesa-james-byrne\/&#8221; _builder_version=&#8221;3.9&#8243; animation_style=&#8221;slide&#8221; animation_direction=&#8221;left&#8221; animation_duration=&#8221;500ms&#8221; animation_intensity_slide=&#8221;10%&#8221; use_border_color=&#8221;off&#8221; border_color=&#8221;#ffffff&#8221; border_style=&#8221;solid&#8221; animation=&#8221;left&#8221; sticky=&#8221;off&#8221; \/][et_pb_text _builder_version=&#8221;3.9&#8243; header_text_color=&#8221;#000000&#8243; background_size=&#8221;initial&#8221; background_position=&#8221;top_left&#8221; background_repeat=&#8221;repeat&#8221; use_border_color=&#8221;off&#8221; border_color=&#8221;#ffffff&#8221; border_style=&#8221;solid&#8221; saved_tabs=&#8221;all&#8221;]<\/p>\n<h2><strong><span style=\"color: #000000;\">James Byrne<\/span><\/strong><\/h2>\n<p><span style=\"color: #000000;\">Reino Unido<\/span><\/p>\n<p>[\/et_pb_text][\/et_pb_column][et_pb_column type=&#8221;1_4&#8243;][et_pb_image admin_label=&#8221;ko-un&#8221; src=&#8221;http:\/\/circulodepoesia.com\/encuentrodepoesia\/wp-content\/uploads\/2018\/07\/06_Ko_Un.jpg&#8221; url=&#8221;https:\/\/circulodepoesia.com\/2015\/02\/poesia-coreana-ko-un\/&#8221; _builder_version=&#8221;3.9&#8243; animation_style=&#8221;slide&#8221; animation_direction=&#8221;left&#8221; animation_duration=&#8221;500ms&#8221; animation_intensity_slide=&#8221;10%&#8221; use_border_color=&#8221;off&#8221; border_color=&#8221;#ffffff&#8221; border_style=&#8221;solid&#8221; animation=&#8221;left&#8221; sticky=&#8221;off&#8221; \/][et_pb_text _builder_version=&#8221;3.9&#8243; header_text_color=&#8221;#000000&#8243; background_size=&#8221;initial&#8221; background_position=&#8221;top_left&#8221; background_repeat=&#8221;repeat&#8221; use_border_color=&#8221;off&#8221; border_color=&#8221;#ffffff&#8221; border_style=&#8221;solid&#8221; saved_tabs=&#8221;all&#8221;]<\/p>\n<h2><strong><span style=\"color: #000000;\">Ko Un<\/span><\/strong><\/h2>\n<p><span style=\"color: #000000;\">Corea del sur<\/span><\/p>\n<p>[\/et_pb_text][\/et_pb_column][et_pb_column type=&#8221;1_4&#8243;][et_pb_image admin_label=&#8221;07_Michael_Augustin&#8221; src=&#8221;http:\/\/circulodepoesia.com\/encuentrodepoesia\/wp-content\/uploads\/2018\/07\/07_Michael_Augustin.jpg&#8221; url=&#8221;https:\/\/circulodepoesia.com\/2014\/12\/poesia-alemana-michael-augustin\/&#8221; _builder_version=&#8221;3.9&#8243; animation_style=&#8221;slide&#8221; animation_direction=&#8221;left&#8221; animation_duration=&#8221;500ms&#8221; animation_intensity_slide=&#8221;10%&#8221; use_border_color=&#8221;off&#8221; border_color=&#8221;#ffffff&#8221; border_style=&#8221;solid&#8221; animation=&#8221;left&#8221; sticky=&#8221;off&#8221; \/][et_pb_text _builder_version=&#8221;3.9&#8243; header_text_color=&#8221;#000000&#8243; background_size=&#8221;initial&#8221; background_position=&#8221;top_left&#8221; background_repeat=&#8221;repeat&#8221; use_border_color=&#8221;off&#8221; border_color=&#8221;#ffffff&#8221; border_style=&#8221;solid&#8221; saved_tabs=&#8221;all&#8221;]<\/p>\n<h2><strong><span style=\"color: #000000;\">Michael Augustin <\/span><\/strong><\/h2>\n<p><span style=\"color: #000000;\">Alemania<\/span><\/p>\n<p>[\/et_pb_text][\/et_pb_column][et_pb_column type=&#8221;1_4&#8243;][et_pb_image admin_label=&#8221;08_Michael_Brennan&#8221; src=&#8221;http:\/\/circulodepoesia.com\/encuentrodepoesia\/wp-content\/uploads\/2018\/07\/08_Michael_Brennan.jpg&#8221; url=&#8221;http:\/\/circulodepoesia.com\/2018\/07\/poesia-australiana-michael-brennan\/&#8221; _builder_version=&#8221;3.9&#8243; animation_style=&#8221;slide&#8221; animation_direction=&#8221;left&#8221; animation_duration=&#8221;500ms&#8221; animation_intensity_slide=&#8221;10%&#8221; use_border_color=&#8221;off&#8221; border_color=&#8221;#ffffff&#8221; border_style=&#8221;solid&#8221; animation=&#8221;left&#8221; sticky=&#8221;off&#8221; \/][et_pb_text _builder_version=&#8221;3.9&#8243; header_text_color=&#8221;#000000&#8243; background_size=&#8221;initial&#8221; background_position=&#8221;top_left&#8221; background_repeat=&#8221;repeat&#8221; use_border_color=&#8221;off&#8221; border_color=&#8221;#ffffff&#8221; border_style=&#8221;solid&#8221; saved_tabs=&#8221;all&#8221;]<\/p>\n<h2><strong><span style=\"color: #000000;\">Michael Brennan<\/span><\/strong><\/h2>\n<p><span style=\"color: #000000;\">Australia<\/span><\/p>\n<p>[\/et_pb_text][\/et_pb_column][\/et_pb_row][et_pb_row _builder_version=&#8221;3.0.47&#8243; background_size=&#8221;initial&#8221; background_position=&#8221;top_left&#8221; background_repeat=&#8221;repeat&#8221;][et_pb_column type=&#8221;1_4&#8243;][et_pb_image admin_label=&#8221;09_Miguel_Angel_Zapata&#8221; src=&#8221;http:\/\/circulodepoesia.com\/encuentrodepoesia\/wp-content\/uploads\/2018\/07\/09_Miguel_Angel_Zapata.jpg&#8221; url=&#8221;https:\/\/circulodepoesia.com\/2015\/03\/poesia-peruana-miguel-angel-zapata\/&#8221; _builder_version=&#8221;3.9&#8243; animation_style=&#8221;slide&#8221; animation_direction=&#8221;left&#8221; animation_duration=&#8221;500ms&#8221; animation_intensity_slide=&#8221;10%&#8221; use_border_color=&#8221;off&#8221; border_color=&#8221;#ffffff&#8221; border_style=&#8221;solid&#8221; animation=&#8221;left&#8221; sticky=&#8221;off&#8221; \/][et_pb_text _builder_version=&#8221;3.9&#8243; header_text_color=&#8221;#000000&#8243; background_size=&#8221;initial&#8221; background_position=&#8221;top_left&#8221; background_repeat=&#8221;repeat&#8221; use_border_color=&#8221;off&#8221; border_color=&#8221;#ffffff&#8221; border_style=&#8221;solid&#8221; saved_tabs=&#8221;all&#8221;]<\/p>\n<h2><strong><span style=\"color: #000000;\">Miguel \u00c1ngel Zapata <\/span><\/strong><\/h2>\n<p><span style=\"color: #000000;\">Per\u00fa<\/span><\/p>\n<p>[\/et_pb_text][\/et_pb_column][et_pb_column type=&#8221;1_4&#8243;][et_pb_image admin_label=&#8221;nii_parkes&#8221; src=&#8221;http:\/\/circulodepoesia.com\/encuentrodepoesia\/wp-content\/uploads\/2018\/07\/10_Nii_Parkes.jpg&#8221; url=&#8221;https:\/\/circulodepoesia.com\/2017\/04\/poesia-ghanesa-nii-parkes\/&#8221; _builder_version=&#8221;3.9&#8243; animation_style=&#8221;slide&#8221; animation_direction=&#8221;left&#8221; animation_duration=&#8221;500ms&#8221; animation_intensity_slide=&#8221;10%&#8221; use_border_color=&#8221;off&#8221; border_color=&#8221;#ffffff&#8221; border_style=&#8221;solid&#8221; animation=&#8221;left&#8221; sticky=&#8221;off&#8221; \/][et_pb_text _builder_version=&#8221;3.9&#8243; header_text_color=&#8221;#000000&#8243; background_size=&#8221;initial&#8221; background_position=&#8221;top_left&#8221; background_repeat=&#8221;repeat&#8221; use_border_color=&#8221;off&#8221; border_color=&#8221;#ffffff&#8221; border_style=&#8221;solid&#8221; saved_tabs=&#8221;all&#8221;]<\/p>\n<h2><strong><span style=\"color: #000000;\">Nii Parkes<\/span><\/strong><\/h2>\n<p><span style=\"color: #000000;\">Ghana<\/span><\/p>\n<p>[\/et_pb_text][\/et_pb_column][et_pb_column type=&#8221;1_4&#8243;][et_pb_image admin_label=&#8221;11_Paura&#8221; src=&#8221;http:\/\/circulodepoesia.com\/encuentrodepoesia\/wp-content\/uploads\/2018\/07\/11_Paura.jpg&#8221; url=&#8221;https:\/\/circulodepoesia.com\/2017\/09\/poesia-boliviana-paura-rodriguez-leyton\/&#8221; _builder_version=&#8221;3.9&#8243; animation_style=&#8221;slide&#8221; animation_direction=&#8221;left&#8221; animation_duration=&#8221;500ms&#8221; animation_intensity_slide=&#8221;10%&#8221; use_border_color=&#8221;off&#8221; border_color=&#8221;#ffffff&#8221; border_style=&#8221;solid&#8221; animation=&#8221;left&#8221; sticky=&#8221;off&#8221; \/][et_pb_text _builder_version=&#8221;3.9&#8243; header_text_color=&#8221;#000000&#8243; background_size=&#8221;initial&#8221; background_position=&#8221;top_left&#8221; background_repeat=&#8221;repeat&#8221; use_border_color=&#8221;off&#8221; border_color=&#8221;#ffffff&#8221; border_style=&#8221;solid&#8221; saved_tabs=&#8221;all&#8221;]<\/p>\n<h2><strong><span style=\"color: #000000;\">Paura Rodr\u00edguez Leyt\u00f3n <\/span><\/strong><\/h2>\n<p><span style=\"color: #000000;\">Bolivia<\/span><\/p>\n<p>[\/et_pb_text][\/et_pb_column][et_pb_column type=&#8221;1_4&#8243;][et_pb_image admin_label=&#8221;12_Sasha_Pimentel&#8221; src=&#8221;http:\/\/circulodepoesia.com\/encuentrodepoesia\/wp-content\/uploads\/2018\/07\/12_Sasha_Pimentel.jpg&#8221; url=&#8221;https:\/\/circulodepoesia.com\/2018\/05\/poesia-norteamericana-sasha-pimentel\/&#8221; _builder_version=&#8221;3.9&#8243; animation_style=&#8221;slide&#8221; animation_direction=&#8221;left&#8221; animation_duration=&#8221;500ms&#8221; animation_intensity_slide=&#8221;10%&#8221; use_border_color=&#8221;off&#8221; border_color=&#8221;#ffffff&#8221; border_style=&#8221;solid&#8221; animation=&#8221;left&#8221; sticky=&#8221;off&#8221; \/][et_pb_text _builder_version=&#8221;3.9&#8243; header_text_color=&#8221;#000000&#8243; background_size=&#8221;initial&#8221; background_position=&#8221;top_left&#8221; background_repeat=&#8221;repeat&#8221; use_border_color=&#8221;off&#8221; border_color=&#8221;#ffffff&#8221; border_style=&#8221;solid&#8221; saved_tabs=&#8221;all&#8221;]<\/p>\n<h2><strong><span style=\"color: #000000;\">Sasha Pimentel <\/span><\/strong><\/h2>\n<p><span style=\"color: #000000;\">Filipinas\/EEUU<\/span><\/p>\n<p>[\/et_pb_text][\/et_pb_column][\/et_pb_row][et_pb_row _builder_version=&#8221;3.0.47&#8243; background_size=&#8221;initial&#8221; background_position=&#8221;top_left&#8221; background_repeat=&#8221;repeat&#8221;][et_pb_column type=&#8221;1_4&#8243;][et_pb_image admin_label=&#8221;13_Sujata_Bhatt&#8221; src=&#8221;http:\/\/circulodepoesia.com\/encuentrodepoesia\/wp-content\/uploads\/2018\/07\/13_Sujata_Bhatt.jpg&#8221; url=&#8221;https:\/\/circulodepoesia.com\/2018\/01\/textos-de-sujata-bhatt\/&#8221; _builder_version=&#8221;3.9&#8243; animation_style=&#8221;slide&#8221; animation_direction=&#8221;left&#8221; animation_duration=&#8221;500ms&#8221; animation_intensity_slide=&#8221;10%&#8221; use_border_color=&#8221;off&#8221; border_color=&#8221;#ffffff&#8221; border_style=&#8221;solid&#8221; animation=&#8221;left&#8221; sticky=&#8221;off&#8221; \/][et_pb_text _builder_version=&#8221;3.9&#8243; header_text_color=&#8221;#000000&#8243; background_size=&#8221;initial&#8221; background_position=&#8221;top_left&#8221; background_repeat=&#8221;repeat&#8221; use_border_color=&#8221;off&#8221; border_color=&#8221;#ffffff&#8221; border_style=&#8221;solid&#8221; saved_tabs=&#8221;all&#8221;]<\/p>\n<h2><strong><span style=\"color: #000000;\">Sujata Bhatt<\/span><\/strong><\/h2>\n<p><span style=\"color: #000000;\">India<\/span><\/p>\n<p>[\/et_pb_text][\/et_pb_column][et_pb_column type=&#8221;1_4&#8243;][et_pb_image admin_label=&#8221;uchechi-kalu\/&#8221; src=&#8221;http:\/\/circulodepoesia.com\/encuentrodepoesia\/wp-content\/uploads\/2018\/07\/14_Uchechi_Kalu.jpg&#8221; url=&#8221;http:\/\/circulodepoesia.com\/2018\/07\/poesia-nigeriana-uchechi-kalu\/&#8221; _builder_version=&#8221;3.9&#8243; animation_style=&#8221;slide&#8221; animation_direction=&#8221;left&#8221; animation_duration=&#8221;500ms&#8221; animation_intensity_slide=&#8221;10%&#8221; use_border_color=&#8221;off&#8221; border_color=&#8221;#ffffff&#8221; border_style=&#8221;solid&#8221; animation=&#8221;left&#8221; sticky=&#8221;off&#8221; \/][et_pb_text _builder_version=&#8221;3.9&#8243; header_text_color=&#8221;#000000&#8243; background_size=&#8221;initial&#8221; background_position=&#8221;top_left&#8221; background_repeat=&#8221;repeat&#8221; use_border_color=&#8221;off&#8221; border_color=&#8221;#ffffff&#8221; border_style=&#8221;solid&#8221; saved_tabs=&#8221;all&#8221;]<\/p>\n<h2><strong><span style=\"color: #000000;\">Uchechi Kalu <\/span><\/strong><\/h2>\n<p><span style=\"color: #000000;\">Nigeria<\/span><\/p>\n<p>[\/et_pb_text][\/et_pb_column][et_pb_column type=&#8221;1_4&#8243;][et_pb_image admin_label=&#8221;glenn-colquohoun&#8221; src=&#8221;http:\/\/circulodepoesia.com\/encuentrodepoesia\/wp-content\/uploads\/2018\/07\/glenn_-2.jpg&#8221; url=&#8221;http:\/\/circulodepoesia.com\/2013\/04\/un-poema-de-glenn-colquohoun\/&#8221; _builder_version=&#8221;3.9&#8243; animation_style=&#8221;slide&#8221; animation_direction=&#8221;left&#8221; animation_duration=&#8221;500ms&#8221; animation_intensity_slide=&#8221;10%&#8221; use_border_color=&#8221;off&#8221; border_color=&#8221;#ffffff&#8221; border_style=&#8221;solid&#8221; animation=&#8221;left&#8221; sticky=&#8221;off&#8221; \/][et_pb_text _builder_version=&#8221;3.9&#8243; header_text_color=&#8221;#000000&#8243; background_size=&#8221;initial&#8221; background_position=&#8221;top_left&#8221; background_repeat=&#8221;repeat&#8221; use_border_color=&#8221;off&#8221; border_color=&#8221;#ffffff&#8221; border_style=&#8221;solid&#8221; saved_tabs=&#8221;all&#8221;]<\/p>\n<h2><strong><span style=\"color: #000000;\">Glenn Colquhoun  <\/span><\/strong><\/h2>\n<p><span style=\"color: #000000;\">Nueva Zelanda<\/span><\/p>\n<p>[\/et_pb_text][\/et_pb_column][et_pb_column type=&#8221;1_4&#8243;][\/et_pb_column][\/et_pb_row][\/et_pb_section]<\/p>\n","protected":false},"excerpt":{"rendered":"<p>Encuentro Internacional de Poes\u00eda Ciudad de M\u00e9xico 2018 El Encuentro Internacional de Poes\u00eda Ciudad de M\u00e9xico 2018&nbsp;cuenta con la participaci\u00f3n de catorce poetas de los cinco continentes. El Premio de Poes\u00eda Nuevo Siglo de Oro fue entregado al poeta surcoreano Ko Un. NOTICIAS PARTICIPANTES Abreu Paxe Angola Bas Kwakman Holanda Efe Duyan Turqu\u00eda Enrique Solinas [&hellip;]<\/p>\n","protected":false},"author":1,"featured_media":0,"parent":0,"menu_order":0,"comment_status":"closed","ping_status":"closed","template":"","meta":{"_et_pb_use_builder":"on","_et_pb_old_content":"","_et_gb_content_width":"","footnotes":""},"class_list":["post-98","page","type-page","status-publish","hentry"],"lang":"es","translations":{"es":98,"en":344},"pll_sync_post":[],"_links":{"self":[{"href":"https:\/\/circulodepoesia.com\/encuentrodepoesia\/wp-json\/wp\/v2\/pages\/98"}],"collection":[{"href":"https:\/\/circulodepoesia.com\/encuentrodepoesia\/wp-json\/wp\/v2\/pages"}],"about":[{"href":"https:\/\/circulodepoesia.com\/encuentrodepoesia\/wp-json\/wp\/v2\/types\/page"}],"author":[{"embeddable":true,"href":"https:\/\/circulodepoesia.com\/encuentrodepoesia\/wp-json\/wp\/v2\/users\/1"}],"replies":[{"embeddable":true,"href":"https:\/\/circulodepoesia.com\/encuentrodepoesia\/wp-json\/wp\/v2\/comments?post=98"}],"version-history":[{"count":33,"href":"https:\/\/circulodepoesia.com\/encuentrodepoesia\/wp-json\/wp\/v2\/pages\/98\/revisions"}],"predecessor-version":[{"id":872,"href":"https:\/\/circulodepoesia.com\/encuentrodepoesia\/wp-json\/wp\/v2\/pages\/98\/revisions\/872"}],"wp:attachment":[{"href":"https:\/\/circulodepoesia.com\/encuentrodepoesia\/wp-json\/wp\/v2\/media?parent=98"}],"curies":[{"name":"wp","href":"https:\/\/api.w.org\/{rel}","templated":true}]}}